{"id":17230,"date":"2023-09-07T14:48:14","date_gmt":"2023-09-07T13:48:14","guid":{"rendered":"https:\/\/cmb-douala.org\/?page_id=17230"},"modified":"2023-09-11T08:21:32","modified_gmt":"2023-09-11T07:21:32","slug":"nos-ateliers-et-chantiers-dinsertion","status":"publish","type":"page","link":"https:\/\/cmb-douala.org\/?page_id=17230","title":{"rendered":"Nos ateliers et chantiers d\u2019insertion"},"content":{"rendered":"\t\t<div data-elementor-type=\"wp-page\" data-elementor-id=\"17230\" class=\"elementor elementor-17230\">\n\t\t\t\t\t\t<section class=\"elementor-section elementor-top-section elementor-element elementor-element-500c5e9 elementor-section-boxed elementor-section-height-default elementor-section-height-default\" data-id=\"500c5e9\" data-element_type=\"section\" data-settings=\"{&quot;background_background&quot;:&quot;classic&quot;}\">\n\t\t\t\t\t\t<div class=\"elementor-container elementor-column-gap-extended\">\n\t\t\t\t\t<div class=\"elementor-column elementor-col-100 elementor-top-column elementor-element elementor-element-40e4d85\" data-id=\"40e4d85\" data-element_type=\"column\">\n\t\t\t<div class=\"elementor-widget-wrap elementor-element-populated\">\n\t\t\t\t\t\t<div class=\"elementor-element elementor-element-4da608e elementor-widget elementor-widget-heading\" data-id=\"4da608e\" data-element_type=\"widget\" data-widget_type=\"heading.default\">\n\t\t\t\t<div class=\"elementor-widget-container\">\n\t\t\t<h2 class=\"elementor-heading-title elementor-size-default\">Nos ateliers et formations<\/h2>\t\t<\/div>\n\t\t\t\t<\/div>\n\t\t\t\t<div class=\"elementor-element elementor-element-3c60959 elementor-align-center elementor-widget__width-auto elementor-widget elementor-widget-breadcrumbs\" data-id=\"3c60959\" data-element_type=\"widget\" data-widget_type=\"breadcrumbs.default\">\n\t\t\t\t<div class=\"elementor-widget-container\">\n\t\t\t<nav id=\"breadcrumbs\"><\/nav>\t\t<\/div>\n\t\t\t\t<\/div>\n\t\t\t\t\t<\/div>\n\t\t<\/div>\n\t\t\t\t\t<\/div>\n\t\t<\/section>\n\t\t\t\t<section class=\"elementor-section elementor-top-section elementor-element elementor-element-aa79f68 elementor-section-boxed elementor-section-height-default elementor-section-height-default\" data-id=\"aa79f68\" data-element_type=\"section\">\n\t\t\t\t\t\t<div class=\"elementor-container elementor-column-gap-default\">\n\t\t\t\t\t<div class=\"elementor-column elementor-col-50 elementor-top-column elementor-element elementor-element-986f099\" data-id=\"986f099\" data-element_type=\"column\">\n\t\t\t<div class=\"elementor-widget-wrap elementor-element-populated\">\n\t\t\t\t\t\t<div class=\"elementor-element elementor-element-8879dd7 elementor-icon-list--layout-traditional elementor-list-item-link-full_width elementor-widget elementor-widget-icon-list\" data-id=\"8879dd7\" data-element_type=\"widget\" data-widget_type=\"icon-list.default\">\n\t\t\t\t<div class=\"elementor-widget-container\">\n\t\t\t\t\t<ul class=\"elementor-icon-list-items\">\n\t\t\t\t\t\t\t<li class=\"elementor-icon-list-item\">\n\t\t\t\t\t\t\t\t\t\t\t<a href=\"#\">\n\n\t\t\t\t\t\t\t\t\t\t\t\t<span class=\"elementor-icon-list-icon\">\n\t\t\t\t\t\t\t<i aria-hidden=\"true\" class=\"fas fa-check\"><\/i>\t\t\t\t\t\t<\/span>\n\t\t\t\t\t\t\t\t\t\t<span class=\"elementor-icon-list-text\">Couture  <\/span>\n\t\t\t\t\t\t\t\t\t\t\t<\/a>\n\t\t\t\t\t\t\t\t\t<\/li>\n\t\t\t\t\t\t\t\t<li class=\"elementor-icon-list-item\">\n\t\t\t\t\t\t\t\t\t\t\t<a href=\"#\">\n\n\t\t\t\t\t\t\t\t\t\t\t\t<span class=\"elementor-icon-list-icon\">\n\t\t\t\t\t\t\t<i aria-hidden=\"true\" class=\"fas fa-check\"><\/i>\t\t\t\t\t\t<\/span>\n\t\t\t\t\t\t\t\t\t\t<span class=\"elementor-icon-list-text\">Cuisine   <\/span>\n\t\t\t\t\t\t\t\t\t\t\t<\/a>\n\t\t\t\t\t\t\t\t\t<\/li>\n\t\t\t\t\t\t\t\t<li class=\"elementor-icon-list-item\">\n\t\t\t\t\t\t\t\t\t\t\t<a href=\"#\">\n\n\t\t\t\t\t\t\t\t\t\t\t\t<span class=\"elementor-icon-list-icon\">\n\t\t\t\t\t\t\t<i aria-hidden=\"true\" class=\"fas fa-check\"><\/i>\t\t\t\t\t\t<\/span>\n\t\t\t\t\t\t\t\t\t\t<span class=\"elementor-icon-list-text\">Coiffure<\/span>\n\t\t\t\t\t\t\t\t\t\t\t<\/a>\n\t\t\t\t\t\t\t\t\t<\/li>\n\t\t\t\t\t\t\t\t<li class=\"elementor-icon-list-item\">\n\t\t\t\t\t\t\t\t\t\t\t<a href=\"#\">\n\n\t\t\t\t\t\t\t\t\t\t\t\t<span class=\"elementor-icon-list-icon\">\n\t\t\t\t\t\t\t<i aria-hidden=\"true\" class=\"fas fa-check\"><\/i>\t\t\t\t\t\t<\/span>\n\t\t\t\t\t\t\t\t\t\t<span class=\"elementor-icon-list-text\">Cyclo-danse<\/span>\n\t\t\t\t\t\t\t\t\t\t\t<\/a>\n\t\t\t\t\t\t\t\t\t<\/li>\n\t\t\t\t\t\t\t\t<li class=\"elementor-icon-list-item\">\n\t\t\t\t\t\t\t\t\t\t\t<a href=\"#\">\n\n\t\t\t\t\t\t\t\t\t\t\t\t<span class=\"elementor-icon-list-icon\">\n\t\t\t\t\t\t\t<i aria-hidden=\"true\" class=\"fas fa-check\"><\/i>\t\t\t\t\t\t<\/span>\n\t\t\t\t\t\t\t\t\t\t<span class=\"elementor-icon-list-text\">Agriculture<\/span>\n\t\t\t\t\t\t\t\t\t\t\t<\/a>\n\t\t\t\t\t\t\t\t\t<\/li>\n\t\t\t\t\t\t<\/ul>\n\t\t\t\t<\/div>\n\t\t\t\t<\/div>\n\t\t\t\t\t<\/div>\n\t\t<\/div>\n\t\t\t\t<div class=\"elementor-column elementor-col-50 elementor-top-column elementor-element elementor-element-b3c8a25\" data-id=\"b3c8a25\" data-element_type=\"column\">\n\t\t\t<div class=\"elementor-widget-wrap elementor-element-populated\">\n\t\t\t\t\t\t<div class=\"elementor-element elementor-element-c0466f7 elementor-icon-list--layout-traditional elementor-list-item-link-full_width elementor-widget elementor-widget-icon-list\" data-id=\"c0466f7\" data-element_type=\"widget\" data-widget_type=\"icon-list.default\">\n\t\t\t\t<div class=\"elementor-widget-container\">\n\t\t\t\t\t<ul class=\"elementor-icon-list-items\">\n\t\t\t\t\t\t\t<li class=\"elementor-icon-list-item\">\n\t\t\t\t\t\t\t\t\t\t\t<a href=\"#\">\n\n\t\t\t\t\t\t\t\t\t\t\t\t<span class=\"elementor-icon-list-icon\">\n\t\t\t\t\t\t\t<i aria-hidden=\"true\" class=\"fas fa-check\"><\/i>\t\t\t\t\t\t<\/span>\n\t\t\t\t\t\t\t\t\t\t<span class=\"elementor-icon-list-text\">Arts graphiques<\/span>\n\t\t\t\t\t\t\t\t\t\t\t<\/a>\n\t\t\t\t\t\t\t\t\t<\/li>\n\t\t\t\t\t\t\t\t<li class=\"elementor-icon-list-item\">\n\t\t\t\t\t\t\t\t\t\t\t<a href=\"#\">\n\n\t\t\t\t\t\t\t\t\t\t\t\t<span class=\"elementor-icon-list-icon\">\n\t\t\t\t\t\t\t<i aria-hidden=\"true\" class=\"fas fa-check\"><\/i>\t\t\t\t\t\t<\/span>\n\t\t\t\t\t\t\t\t\t\t<span class=\"elementor-icon-list-text\">D\u00e9veloppement personnel<\/span>\n\t\t\t\t\t\t\t\t\t\t\t<\/a>\n\t\t\t\t\t\t\t\t\t<\/li>\n\t\t\t\t\t\t\t\t<li class=\"elementor-icon-list-item\">\n\t\t\t\t\t\t\t\t\t\t\t<a href=\"#\">\n\n\t\t\t\t\t\t\t\t\t\t\t\t<span class=\"elementor-icon-list-icon\">\n\t\t\t\t\t\t\t<i aria-hidden=\"true\" class=\"fas fa-check\"><\/i>\t\t\t\t\t\t<\/span>\n\t\t\t\t\t\t\t\t\t\t<span class=\"elementor-icon-list-text\">Gestion<\/span>\n\t\t\t\t\t\t\t\t\t\t\t<\/a>\n\t\t\t\t\t\t\t\t\t<\/li>\n\t\t\t\t\t\t\t\t<li class=\"elementor-icon-list-item\">\n\t\t\t\t\t\t\t\t\t\t\t<a href=\"#\">\n\n\t\t\t\t\t\t\t\t\t\t\t\t<span class=\"elementor-icon-list-icon\">\n\t\t\t\t\t\t\t<i aria-hidden=\"true\" class=\"fas fa-check\"><\/i>\t\t\t\t\t\t<\/span>\n\t\t\t\t\t\t\t\t\t\t<span class=\"elementor-icon-list-text\">Economie<\/span>\n\t\t\t\t\t\t\t\t\t\t\t<\/a>\n\t\t\t\t\t\t\t\t\t<\/li>\n\t\t\t\t\t\t\t\t<li class=\"elementor-icon-list-item\">\n\t\t\t\t\t\t\t\t\t\t\t<a href=\"#\">\n\n\t\t\t\t\t\t\t\t\t\t\t\t<span class=\"elementor-icon-list-icon\">\n\t\t\t\t\t\t\t<i aria-hidden=\"true\" class=\"fas fa-check\"><\/i>\t\t\t\t\t\t<\/span>\n\t\t\t\t\t\t\t\t\t\t<span class=\"elementor-icon-list-text\">TIC<\/span>\n\t\t\t\t\t\t\t\t\t\t\t<\/a>\n\t\t\t\t\t\t\t\t\t<\/li>\n\t\t\t\t\t\t<\/ul>\n\t\t\t\t<\/div>\n\t\t\t\t<\/div>\n\t\t\t\t\t<\/div>\n\t\t<\/div>\n\t\t\t\t\t<\/div>\n\t\t<\/section>\n\t\t\t\t<section class=\"elementor-section elementor-top-section elementor-element elementor-element-70622c7 elementor-section-boxed elementor-section-height-default elementor-section-height-default\" data-id=\"70622c7\" data-element_type=\"section\">\n\t\t\t\t\t\t<div class=\"elementor-container elementor-column-gap-default\">\n\t\t\t\t\t<div class=\"elementor-column elementor-col-100 elementor-top-column elementor-element elementor-element-cbf869c\" data-id=\"cbf869c\" data-element_type=\"column\">\n\t\t\t<div class=\"elementor-widget-wrap elementor-element-populated\">\n\t\t\t\t\t\t<section class=\"elementor-section elementor-inner-section elementor-element elementor-element-472811d elementor-section-boxed elementor-section-height-default elementor-section-height-default\" data-id=\"472811d\" data-element_type=\"section\">\n\t\t\t\t\t\t<div class=\"elementor-container elementor-column-gap-default\">\n\t\t\t\t\t<div class=\"elementor-column elementor-col-100 elementor-inner-column elementor-element elementor-element-d7b3acb\" data-id=\"d7b3acb\" data-element_type=\"column\">\n\t\t\t<div class=\"elementor-widget-wrap\">\n\t\t\t\t\t\t\t<\/div>\n\t\t<\/div>\n\t\t\t\t\t<\/div>\n\t\t<\/section>\n\t\t\t\t\t<\/div>\n\t\t<\/div>\n\t\t\t\t\t<\/div>\n\t\t<\/section>\n\t\t\t\t<section class=\"elementor-section elementor-top-section elementor-element elementor-element-4fa99e0 elementor-section-boxed elementor-section-height-default elementor-section-height-default\" data-id=\"4fa99e0\" data-element_type=\"section\">\n\t\t\t\t\t\t<div class=\"elementor-container elementor-column-gap-default\">\n\t\t\t\t\t<div class=\"elementor-column elementor-col-50 elementor-top-column elementor-element elementor-element-811ff1a\" data-id=\"811ff1a\" data-element_type=\"column\">\n\t\t\t<div class=\"elementor-widget-wrap elementor-element-populated\">\n\t\t\t\t\t\t<div class=\"elementor-element elementor-element-8ebef5d elementor-widget elementor-widget-text-editor\" data-id=\"8ebef5d\" data-element_type=\"widget\" data-widget_type=\"text-editor.default\">\n\t\t\t\t<div class=\"elementor-widget-container\">\n\t\t\t\t\t\t\t<p>Le Centre Multim\u00e9dia, adapte son espace de vie et d\u2019apprentissage aux r\u00e9alit\u00e9s des apprenants et des personnes vuln\u00e9rables\u00a0:<\/p>\t\t\t\t\t\t<\/div>\n\t\t\t\t<\/div>\n\t\t\t\t<div class=\"elementor-element elementor-element-11a162a elementor-widget elementor-widget-text-editor\" data-id=\"11a162a\" data-element_type=\"widget\" data-widget_type=\"text-editor.default\">\n\t\t\t\t<div class=\"elementor-widget-container\">\n\t\t\t\t\t\t\t<ul><li>Une biblioth\u00e8que<\/li><li>Une m\u00e9diath\u00e8que<\/li><li>Des salles de cours d\u2019une capacit\u00e9 d\u2019accueil de 15 participants<\/li><li>DES EQUIPEMENTS MODERNES EQUIPES ET SONORISES, ADAPTES AUX BESOINS DES BENEFICIAIRES<\/li><li>DES SALLES DE REUNION MODULABLES ET DE CONFERENCE CAPACITE D\u2019ACCUEIL (100 PLACES EN MODE CONFERENCE ET 40 PLACES EN MODE REUNION)<\/li><li>SALLE POLYVALENTE d\u2019une CAPACITE DE 400 PLACES EN MODE REUNION ET 350 PLACES EN MODE RECEPTION<\/li><li>UNE SALLE D\u2019EXPOSITIONS POUR VERNISSAGES ET DES DEDICACES<\/li><li>UNE SALLE DE SPORT AVEC DES VESTIAIRES<\/li><li>UNE CAPACITE D\u2019HEBERGEMENT DE 20 PLACES EN CHAMBRES DOUBLES ET TRIPLES<\/li><\/ul>\t\t\t\t\t\t<\/div>\n\t\t\t\t<\/div>\n\t\t\t\t\t<\/div>\n\t\t<\/div>\n\t\t\t\t<div class=\"elementor-column elementor-col-50 elementor-top-column elementor-element elementor-element-d73789e\" data-id=\"d73789e\" data-element_type=\"column\">\n\t\t\t<div class=\"elementor-widget-wrap elementor-element-populated\">\n\t\t\t\t\t\t<div class=\"elementor-element elementor-element-0bc01ea elementor-widget elementor-widget-text-editor\" data-id=\"0bc01ea\" data-element_type=\"widget\" data-widget_type=\"text-editor.default\">\n\t\t\t\t<div class=\"elementor-widget-container\">\n\t\t\t\t\t\t\t<p>Pour l\u2019int\u00e9r\u00eat des personnes socialement vuln\u00e9rables<\/p>\t\t\t\t\t\t<\/div>\n\t\t\t\t<\/div>\n\t\t\t\t<div class=\"elementor-element elementor-element-2e6852f elementor-widget elementor-widget-text-editor\" data-id=\"2e6852f\" data-element_type=\"widget\" data-widget_type=\"text-editor.default\">\n\t\t\t\t<div class=\"elementor-widget-container\">\n\t\t\t\t\t\t\t<p>Une prise en charge sociale suite \u00e0<\/p><ul><li>Des mouvements migratoires internationaux voulus ou subis<\/li><li>L\u2019exode rural<\/li><li>Une d\u00e9mographie sans cesse croissante<\/li><li>Des cons\u00e9quences sur tous les aspects y compris la sant\u00e9<\/li><li style=\"list-style-type: none;\">\u00a0<\/li><\/ul>\t\t\t\t\t\t<\/div>\n\t\t\t\t<\/div>\n\t\t\t\t<div class=\"elementor-element elementor-element-0ff8661 elementor-arrows-position-inside elementor-pagination-position-outside elementor-widget elementor-widget-image-carousel\" data-id=\"0ff8661\" data-element_type=\"widget\" data-settings=\"{&quot;navigation&quot;:&quot;both&quot;,&quot;autoplay&quot;:&quot;yes&quot;,&quot;pause_on_hover&quot;:&quot;yes&quot;,&quot;pause_on_interaction&quot;:&quot;yes&quot;,&quot;autoplay_speed&quot;:5000,&quot;infinite&quot;:&quot;yes&quot;,&quot;speed&quot;:500}\" data-widget_type=\"image-carousel.default\">\n\t\t\t\t<div class=\"elementor-widget-container\">\n\t\t\t\t\t<div class=\"elementor-image-carousel-wrapper swiper\" dir=\"ltr\">\n\t\t\t<div class=\"elementor-image-carousel swiper-wrapper\" aria-live=\"off\">\n\t\t\t\t\t\t\t\t<div class=\"swiper-slide\" role=\"group\" aria-roledescription=\"slide\" aria-label=\"1 sur 5\"><figure class=\"swiper-slide-inner\"><img decoding=\"async\" class=\"swiper-slide-image\" src=\"https:\/\/cmb-douala.org\/wp-content\/uploads\/elementor\/thumbs\/coiffure-qc8rxtcwj5zv8k0ojxspij3h8h3ppyuhwczipgymtk.jpg\" alt=\"coiffure\" \/><\/figure><\/div><div class=\"swiper-slide\" role=\"group\" aria-roledescription=\"slide\" aria-label=\"2 sur 5\"><figure class=\"swiper-slide-inner\"><img decoding=\"async\" class=\"swiper-slide-image\" src=\"https:\/\/cmb-douala.org\/wp-content\/uploads\/elementor\/thumbs\/couture-qc8rxy23hc6aultushtuczws7egjsgd5l08y3urnyg.jpg\" alt=\"couture\" \/><\/figure><\/div><div class=\"swiper-slide\" role=\"group\" aria-roledescription=\"slide\" aria-label=\"3 sur 5\"><figure class=\"swiper-slide-inner\"><img decoding=\"async\" class=\"swiper-slide-image\" src=\"https:\/\/cmb-douala.org\/wp-content\/uploads\/elementor\/thumbs\/cuisine-qc8ry0vm1ua5tfprc11q2h75zk2nfjocle7ejonhfs.jpg\" alt=\"cuisine\" \/><\/figure><\/div><div class=\"swiper-slide\" role=\"group\" aria-roledescription=\"slide\" aria-label=\"4 sur 5\"><figure class=\"swiper-slide-inner\"><img decoding=\"async\" class=\"swiper-slide-image\" src=\"https:\/\/cmb-douala.org\/wp-content\/uploads\/elementor\/thumbs\/designer-vetements-qc8ry3p4mce0s9lnvk9lryhjrpor2mzjls5uzijax4.jpg\" alt=\"designer-vetements\" \/><\/figure><\/div><div class=\"swiper-slide\" role=\"group\" aria-roledescription=\"slide\" aria-label=\"5 sur 5\"><figure class=\"swiper-slide-inner\"><img decoding=\"async\" class=\"swiper-slide-image\" src=\"https:\/\/cmb-douala.org\/wp-content\/uploads\/elementor\/thumbs\/developpement-personnel-qc8ry7ghdoj62pg79lw41xje5967xfegyarswmdq88.jpg\" alt=\"d\u00e9veloppement personnel\" \/><\/figure><\/div>\t\t\t<\/div>\n\t\t\t\t\t\t\t\t\t\t\t\t<div class=\"elementor-swiper-button elementor-swiper-button-prev\" role=\"button\" tabindex=\"0\">\n\t\t\t\t\t\t<i aria-hidden=\"true\" class=\"eicon-chevron-left\"><\/i>\t\t\t\t\t<\/div>\n\t\t\t\t\t<div class=\"elementor-swiper-button elementor-swiper-button-next\" role=\"button\" tabindex=\"0\">\n\t\t\t\t\t\t<i aria-hidden=\"true\" class=\"eicon-chevron-right\"><\/i>\t\t\t\t\t<\/div>\n\t\t\t\t\n\t\t\t\t\t\t\t\t\t<div class=\"swiper-pagination\"><\/div>\n\t\t\t\t\t\t\t\t\t<\/div>\n\t\t\t\t<\/div>\n\t\t\t\t<\/div>\n\t\t\t\t\t<\/div>\n\t\t<\/div>\n\t\t\t\t\t<\/div>\n\t\t<\/section>\n\t\t\t\t<\/div>\n\t\t","protected":false},"excerpt":{"rendered":"<p>Nos ateliers et formations Couture Cuisine Coiffure Cyclo-danse Agriculture Arts graphiques D\u00e9veloppement personnel Gestion Economie TIC Le Centre Multim\u00e9dia, adapte son espace de vie et d\u2019apprentissage aux r\u00e9alit\u00e9s des apprenants [&hellip;]<\/p>\n","protected":false},"author":1,"featured_media":0,"parent":0,"menu_order":0,"comment_status":"closed","ping_status":"closed","template":"elementor_header_footer","meta":{"give_campaign_id":0,"footnotes":""},"acf":[],"yoast_head":"<!-- This site is optimized with the Yoast SEO plugin v24.5 - https:\/\/yoast.com\/wordpress\/plugins\/seo\/ -->\n<title>Nos ateliers et chantiers d\u2019insertion - CENTRE MULTIFONCTIONNEL DE BEPANDA<\/title>\n<meta name=\"robots\" content=\"index, follow, max-snippet:-1, max-image-preview:large, max-video-preview:-1\" \/>\n<link rel=\"canonical\" href=\"https:\/\/cmb-douala.org\/nos-ateliers-et-chantiers-dinsertion\/\" \/>\n<meta property=\"og:locale\" content=\"fr_FR\" \/>\n<meta property=\"og:type\" content=\"article\" \/>\n<meta property=\"og:title\" content=\"Nos ateliers et chantiers d\u2019insertion - CENTRE MULTIFONCTIONNEL DE BEPANDA\" \/>\n<meta property=\"og:description\" content=\"Nos ateliers et formations Couture Cuisine Coiffure Cyclo-danse Agriculture Arts graphiques D\u00e9veloppement personnel Gestion Economie TIC Le Centre Multim\u00e9dia, adapte son espace de vie et d\u2019apprentissage aux r\u00e9alit\u00e9s des apprenants [&hellip;]\" \/>\n<meta property=\"og:url\" content=\"https:\/\/cmb-douala.org\/nos-ateliers-et-chantiers-dinsertion\/\" \/>\n<meta property=\"og:site_name\" content=\"CENTRE MULTIFONCTIONNEL DE BEPANDA\" \/>\n<meta property=\"article:modified_time\" content=\"2023-09-11T07:21:32+00:00\" \/>\n<meta property=\"og:image\" content=\"https:\/\/cmb-douala.org\/wp-content\/uploads\/elementor\/thumbs\/coiffure-qc8rxtcwj5zv8k0ojxspij3h8h3ppyuhwczipgymtk.jpg\" \/>\n<meta name=\"twitter:card\" content=\"summary_large_image\" \/>\n<meta name=\"twitter:label1\" content=\"Dur\u00e9e de lecture estim\u00e9e\" \/>\n\t<meta name=\"twitter:data1\" content=\"4 minutes\" \/>\n<script type=\"application\/ld+json\" class=\"yoast-schema-graph\">{\"@context\":\"https:\/\/schema.org\",\"@graph\":[{\"@type\":\"WebPage\",\"@id\":\"https:\/\/cmb-douala.org\/nos-ateliers-et-chantiers-dinsertion\/\",\"url\":\"https:\/\/cmb-douala.org\/nos-ateliers-et-chantiers-dinsertion\/\",\"name\":\"Nos ateliers et chantiers d\u2019insertion - CENTRE MULTIFONCTIONNEL DE BEPANDA\",\"isPartOf\":{\"@id\":\"https:\/\/cmb-douala.org\/#website\"},\"primaryImageOfPage\":{\"@id\":\"https:\/\/cmb-douala.org\/nos-ateliers-et-chantiers-dinsertion\/#primaryimage\"},\"image\":{\"@id\":\"https:\/\/cmb-douala.org\/nos-ateliers-et-chantiers-dinsertion\/#primaryimage\"},\"thumbnailUrl\":\"https:\/\/cmb-douala.org\/wp-content\/uploads\/elementor\/thumbs\/coiffure-qc8rxtcwj5zv8k0ojxspij3h8h3ppyuhwczipgymtk.jpg\",\"datePublished\":\"2023-09-07T13:48:14+00:00\",\"dateModified\":\"2023-09-11T07:21:32+00:00\",\"inLanguage\":\"fr-FR\",\"potentialAction\":[{\"@type\":\"ReadAction\",\"target\":[\"https:\/\/cmb-douala.org\/nos-ateliers-et-chantiers-dinsertion\/\"]}]},{\"@type\":\"ImageObject\",\"inLanguage\":\"fr-FR\",\"@id\":\"https:\/\/cmb-douala.org\/nos-ateliers-et-chantiers-dinsertion\/#primaryimage\",\"url\":\"https:\/\/cmb-douala.org\/wp-content\/uploads\/elementor\/thumbs\/coiffure-qc8rxtcwj5zv8k0ojxspij3h8h3ppyuhwczipgymtk.jpg\",\"contentUrl\":\"https:\/\/cmb-douala.org\/wp-content\/uploads\/elementor\/thumbs\/coiffure-qc8rxtcwj5zv8k0ojxspij3h8h3ppyuhwczipgymtk.jpg\"},{\"@type\":\"WebSite\",\"@id\":\"https:\/\/cmb-douala.org\/#website\",\"url\":\"https:\/\/cmb-douala.org\/\",\"name\":\"CENTRE MULTIFONCTIONNEL DE BEPANDA\",\"description\":\"POUR PERSONNES SOCIALEMENT VULNERABLES\",\"potentialAction\":[{\"@type\":\"SearchAction\",\"target\":{\"@type\":\"EntryPoint\",\"urlTemplate\":\"https:\/\/cmb-douala.org\/?s={search_term_string}\"},\"query-input\":{\"@type\":\"PropertyValueSpecification\",\"valueRequired\":true,\"valueName\":\"search_term_string\"}}],\"inLanguage\":\"fr-FR\"}]}<\/script>\n<!-- \/ Yoast SEO plugin. -->","yoast_head_json":{"title":"Nos ateliers et chantiers d\u2019insertion - CENTRE MULTIFONCTIONNEL DE BEPANDA","robots":{"index":"index","follow":"follow","max-snippet":"max-snippet:-1","max-image-preview":"max-image-preview:large","max-video-preview":"max-video-preview:-1"},"canonical":"https:\/\/cmb-douala.org\/nos-ateliers-et-chantiers-dinsertion\/","og_locale":"fr_FR","og_type":"article","og_title":"Nos ateliers et chantiers d\u2019insertion - CENTRE MULTIFONCTIONNEL DE BEPANDA","og_description":"Nos ateliers et formations Couture Cuisine Coiffure Cyclo-danse Agriculture Arts graphiques D\u00e9veloppement personnel Gestion Economie TIC Le Centre Multim\u00e9dia, adapte son espace de vie et d\u2019apprentissage aux r\u00e9alit\u00e9s des apprenants [&hellip;]","og_url":"https:\/\/cmb-douala.org\/nos-ateliers-et-chantiers-dinsertion\/","og_site_name":"CENTRE MULTIFONCTIONNEL DE BEPANDA","article_modified_time":"2023-09-11T07:21:32+00:00","og_image":[{"url":"https:\/\/cmb-douala.org\/wp-content\/uploads\/elementor\/thumbs\/coiffure-qc8rxtcwj5zv8k0ojxspij3h8h3ppyuhwczipgymtk.jpg","type":"","width":"","height":""}],"twitter_card":"summary_large_image","twitter_misc":{"Dur\u00e9e de lecture estim\u00e9e":"4 minutes"},"schema":{"@context":"https:\/\/schema.org","@graph":[{"@type":"WebPage","@id":"https:\/\/cmb-douala.org\/nos-ateliers-et-chantiers-dinsertion\/","url":"https:\/\/cmb-douala.org\/nos-ateliers-et-chantiers-dinsertion\/","name":"Nos ateliers et chantiers d\u2019insertion - CENTRE MULTIFONCTIONNEL DE BEPANDA","isPartOf":{"@id":"https:\/\/cmb-douala.org\/#website"},"primaryImageOfPage":{"@id":"https:\/\/cmb-douala.org\/nos-ateliers-et-chantiers-dinsertion\/#primaryimage"},"image":{"@id":"https:\/\/cmb-douala.org\/nos-ateliers-et-chantiers-dinsertion\/#primaryimage"},"thumbnailUrl":"https:\/\/cmb-douala.org\/wp-content\/uploads\/elementor\/thumbs\/coiffure-qc8rxtcwj5zv8k0ojxspij3h8h3ppyuhwczipgymtk.jpg","datePublished":"2023-09-07T13:48:14+00:00","dateModified":"2023-09-11T07:21:32+00:00","inLanguage":"fr-FR","potentialAction":[{"@type":"ReadAction","target":["https:\/\/cmb-douala.org\/nos-ateliers-et-chantiers-dinsertion\/"]}]},{"@type":"ImageObject","inLanguage":"fr-FR","@id":"https:\/\/cmb-douala.org\/nos-ateliers-et-chantiers-dinsertion\/#primaryimage","url":"https:\/\/cmb-douala.org\/wp-content\/uploads\/elementor\/thumbs\/coiffure-qc8rxtcwj5zv8k0ojxspij3h8h3ppyuhwczipgymtk.jpg","contentUrl":"https:\/\/cmb-douala.org\/wp-content\/uploads\/elementor\/thumbs\/coiffure-qc8rxtcwj5zv8k0ojxspij3h8h3ppyuhwczipgymtk.jpg"},{"@type":"WebSite","@id":"https:\/\/cmb-douala.org\/#website","url":"https:\/\/cmb-douala.org\/","name":"CENTRE MULTIFONCTIONNEL DE BEPANDA","description":"POUR PERSONNES SOCIALEMENT VULNERABLES","potentialAction":[{"@type":"SearchAction","target":{"@type":"EntryPoint","urlTemplate":"https:\/\/cmb-douala.org\/?s={search_term_string}"},"query-input":{"@type":"PropertyValueSpecification","valueRequired":true,"valueName":"search_term_string"}}],"inLanguage":"fr-FR"}]}},"campaignId":"","_links":{"self":[{"href":"https:\/\/cmb-douala.org\/index.php?rest_route=\/wp\/v2\/pages\/17230"}],"collection":[{"href":"https:\/\/cmb-douala.org\/index.php?rest_route=\/wp\/v2\/pages"}],"about":[{"href":"https:\/\/cmb-douala.org\/index.php?rest_route=\/wp\/v2\/types\/page"}],"author":[{"embeddable":true,"href":"https:\/\/cmb-douala.org\/index.php?rest_route=\/wp\/v2\/users\/1"}],"replies":[{"embeddable":true,"href":"https:\/\/cmb-douala.org\/index.php?rest_route=%2Fwp%2Fv2%2Fcomments&post=17230"}],"version-history":[{"count":0,"href":"https:\/\/cmb-douala.org\/index.php?rest_route=\/wp\/v2\/pages\/17230\/revisions"}],"wp:attachment":[{"href":"https:\/\/cmb-douala.org\/index.php?rest_route=%2Fwp%2Fv2%2Fmedia&parent=17230"}],"curies":[{"name":"wp","href":"https:\/\/api.w.org\/{rel}","templated":true}]}}