{"id":17394,"date":"2023-09-17T17:35:59","date_gmt":"2023-09-17T16:35:59","guid":{"rendered":"https:\/\/cmb-douala.org\/?page_id=17394"},"modified":"2024-01-15T11:35:21","modified_gmt":"2024-01-15T10:35:21","slug":"faire-un-don","status":"publish","type":"page","link":"https:\/\/cmb-douala.org\/?page_id=17394","title":{"rendered":"Faire un don"},"content":{"rendered":"\t\t<div data-elementor-type=\"wp-page\" data-elementor-id=\"17394\" class=\"elementor elementor-17394\">\n\t\t\t\t\t\t<section class=\"elementor-section elementor-top-section elementor-element elementor-element-7bae164 elementor-section-boxed elementor-section-height-default elementor-section-height-default\" data-id=\"7bae164\" data-element_type=\"section\" data-settings=\"{&quot;background_background&quot;:&quot;classic&quot;}\">\n\t\t\t\t\t\t<div class=\"elementor-container elementor-column-gap-extended\">\n\t\t\t\t\t<div class=\"elementor-column elementor-col-100 elementor-top-column elementor-element elementor-element-15fffd7f\" data-id=\"15fffd7f\" data-element_type=\"column\">\n\t\t\t<div class=\"elementor-widget-wrap elementor-element-populated\">\n\t\t\t\t\t\t<div class=\"elementor-element elementor-element-29cae4a elementor-widget elementor-widget-heading\" data-id=\"29cae4a\" data-element_type=\"widget\" data-widget_type=\"heading.default\">\n\t\t\t\t<div class=\"elementor-widget-container\">\n\t\t\t<h2 class=\"elementor-heading-title elementor-size-default\">Redonner le sourire \u00e0 une PSV, \u2026 un geste noble et humain<\/h2>\t\t<\/div>\n\t\t\t\t<\/div>\n\t\t\t\t<div class=\"elementor-element elementor-element-3858b952 elementor-align-center elementor-widget__width-auto elementor-widget elementor-widget-breadcrumbs\" data-id=\"3858b952\" data-element_type=\"widget\" data-widget_type=\"breadcrumbs.default\">\n\t\t\t\t<div class=\"elementor-widget-container\">\n\t\t\t<nav id=\"breadcrumbs\"><\/nav>\t\t<\/div>\n\t\t\t\t<\/div>\n\t\t\t\t\t<\/div>\n\t\t<\/div>\n\t\t\t\t\t<\/div>\n\t\t<\/section>\n\t\t\t\t<section class=\"elementor-section elementor-top-section elementor-element elementor-element-6d567eba elementor-section-boxed elementor-section-height-default elementor-section-height-default\" data-id=\"6d567eba\" data-element_type=\"section\">\n\t\t\t\t\t\t<div class=\"elementor-container elementor-column-gap-extended\">\n\t\t\t\t\t<div class=\"elementor-column elementor-col-100 elementor-top-column elementor-element elementor-element-9f150dd\" data-id=\"9f150dd\" data-element_type=\"column\">\n\t\t\t<div class=\"elementor-widget-wrap elementor-element-populated\">\n\t\t\t\t\t\t<section class=\"elementor-section elementor-inner-section elementor-element elementor-element-42f13df elementor-section-boxed elementor-section-height-default elementor-section-height-default\" data-id=\"42f13df\" data-element_type=\"section\">\n\t\t\t\t\t\t<div class=\"elementor-container elementor-column-gap-default\">\n\t\t\t\t\t<div class=\"elementor-column elementor-col-50 elementor-inner-column elementor-element elementor-element-bce4dd9\" data-id=\"bce4dd9\" data-element_type=\"column\">\n\t\t\t<div class=\"elementor-widget-wrap elementor-element-populated\">\n\t\t\t\t\t\t<div class=\"elementor-element elementor-element-c31b827 elementor-widget elementor-widget-image\" data-id=\"c31b827\" data-element_type=\"widget\" data-widget_type=\"image.default\">\n\t\t\t\t<div class=\"elementor-widget-container\">\n\t\t\t\t\t\t\t\t\t\t\t\t\t<img fetchpriority=\"high\" decoding=\"async\" width=\"1024\" height=\"682\" src=\"https:\/\/cmb-douala.org\/wp-content\/uploads\/2024\/01\/logodgs-Recupere1-1024x682.jpg\" class=\"attachment-large size-large wp-image-17480\" alt=\"\" srcset=\"https:\/\/cmb-douala.org\/wp-content\/uploads\/2024\/01\/logodgs-Recupere1-1024x682.jpg 1024w, https:\/\/cmb-douala.org\/wp-content\/uploads\/2024\/01\/logodgs-Recupere1-300x200.jpg 300w, https:\/\/cmb-douala.org\/wp-content\/uploads\/2024\/01\/logodgs-Recupere1-768x512.jpg 768w, https:\/\/cmb-douala.org\/wp-content\/uploads\/2024\/01\/logodgs-Recupere1-1536x1023.jpg 1536w, https:\/\/cmb-douala.org\/wp-content\/uploads\/2024\/01\/logodgs-Recupere1-1568x1045.jpg 1568w, https:\/\/cmb-douala.org\/wp-content\/uploads\/2024\/01\/logodgs-Recupere1-600x400.jpg 600w, https:\/\/cmb-douala.org\/wp-content\/uploads\/2024\/01\/logodgs-Recupere1.jpg 1600w\" sizes=\"(max-width: 34.9rem) calc(100vw - 2rem), (max-width: 53rem) calc(8 * (100vw \/ 12)), (min-width: 53rem) calc(6 * (100vw \/ 12)), 100vw\" \/>\t\t\t\t\t\t\t\t\t\t\t\t\t<\/div>\n\t\t\t\t<\/div>\n\t\t\t\t\t<\/div>\n\t\t<\/div>\n\t\t\t\t<div class=\"elementor-column elementor-col-50 elementor-inner-column elementor-element elementor-element-1ebf951\" data-id=\"1ebf951\" data-element_type=\"column\">\n\t\t\t<div class=\"elementor-widget-wrap elementor-element-populated\">\n\t\t\t\t\t\t<div class=\"elementor-element elementor-element-372c100 elementor-widget elementor-widget-text-editor\" data-id=\"372c100\" data-element_type=\"widget\" data-widget_type=\"text-editor.default\">\n\t\t\t\t<div class=\"elementor-widget-container\">\n\t\t\t\t\t\t\t<p><span style=\"color: #2579b4;\"><strong>Le Centre multifonctionnel de B\u00e9panda vous offre 01 formule pour devenir PARRAIN DU CMB.<\/strong><\/span><\/p><p>Votre g\u00e9n\u00e9rosit\u00e9 ind\u00e9fectible, en direction des autres, pourrait vous pousser \u00e0 faire un DON mensuel \u00e0 partir de 5000 FCFA par mois. Cela fait de vous un <strong>PARRAIN DU CMB<\/strong>. Votre lib\u00e9ralit\u00e9 permettrait de financer les besoins en direction des Personnes Socialement Vuln\u00e9rables du CMB.<\/p><p>Les projets n\u00e9cessitant votre lib\u00e9ralit\u00e9 sont nombreux et vous serons pr\u00e9sent\u00e9s. Ils vont de la restauration des infrastructures, au parrainage d\u2019une PSV avec laquelle vous pouvez entrer en contact, et aussi la prise en charge de leur formation.<\/p>\t\t\t\t\t\t<\/div>\n\t\t\t\t<\/div>\n\t\t\t\t\t<\/div>\n\t\t<\/div>\n\t\t\t\t\t<\/div>\n\t\t<\/section>\n\t\t\t\t\t<\/div>\n\t\t<\/div>\n\t\t\t\t\t<\/div>\n\t\t<\/section>\n\t\t\t\t<\/div>\n\t\t","protected":false},"excerpt":{"rendered":"<p>Redonner le sourire \u00e0 une PSV, \u2026 un geste noble et humain Le Centre multifonctionnel de B\u00e9panda vous offre 01 formule pour devenir PARRAIN DU CMB. Votre g\u00e9n\u00e9rosit\u00e9 ind\u00e9fectible, en [&hellip;]<\/p>\n","protected":false},"author":1,"featured_media":0,"parent":0,"menu_order":0,"comment_status":"closed","ping_status":"closed","template":"elementor_header_footer","meta":{"give_campaign_id":0,"footnotes":""},"acf":[],"yoast_head":"<!-- This site is optimized with the Yoast SEO plugin v24.5 - https:\/\/yoast.com\/wordpress\/plugins\/seo\/ -->\n<title>Faire un don - CENTRE MULTIFONCTIONNEL DE BEPANDA<\/title>\n<meta name=\"robots\" content=\"index, follow, max-snippet:-1, max-image-preview:large, max-video-preview:-1\" \/>\n<link rel=\"canonical\" href=\"https:\/\/cmb-douala.org\/faire-un-don\/\" \/>\n<meta property=\"og:locale\" content=\"fr_FR\" \/>\n<meta property=\"og:type\" content=\"article\" \/>\n<meta property=\"og:title\" content=\"Faire un don - CENTRE MULTIFONCTIONNEL DE BEPANDA\" \/>\n<meta property=\"og:description\" content=\"Redonner le sourire \u00e0 une PSV, \u2026 un geste noble et humain Le Centre multifonctionnel de B\u00e9panda vous offre 01 formule pour devenir PARRAIN DU CMB. Votre g\u00e9n\u00e9rosit\u00e9 ind\u00e9fectible, en [&hellip;]\" \/>\n<meta property=\"og:url\" content=\"https:\/\/cmb-douala.org\/faire-un-don\/\" \/>\n<meta property=\"og:site_name\" content=\"CENTRE MULTIFONCTIONNEL DE BEPANDA\" \/>\n<meta property=\"article:modified_time\" content=\"2024-01-15T10:35:21+00:00\" \/>\n<meta property=\"og:image\" content=\"https:\/\/cmb-douala.org\/wp-content\/uploads\/2024\/01\/logodgs-Recupere1-1024x682.jpg\" \/>\n<meta name=\"twitter:card\" content=\"summary_large_image\" \/>\n<meta name=\"twitter:label1\" content=\"Dur\u00e9e de lecture estim\u00e9e\" \/>\n\t<meta name=\"twitter:data1\" content=\"1 minute\" \/>\n<script type=\"application\/ld+json\" class=\"yoast-schema-graph\">{\"@context\":\"https:\/\/schema.org\",\"@graph\":[{\"@type\":\"WebPage\",\"@id\":\"https:\/\/cmb-douala.org\/faire-un-don\/\",\"url\":\"https:\/\/cmb-douala.org\/faire-un-don\/\",\"name\":\"Faire un don - CENTRE MULTIFONCTIONNEL DE BEPANDA\",\"isPartOf\":{\"@id\":\"https:\/\/cmb-douala.org\/#website\"},\"primaryImageOfPage\":{\"@id\":\"https:\/\/cmb-douala.org\/faire-un-don\/#primaryimage\"},\"image\":{\"@id\":\"https:\/\/cmb-douala.org\/faire-un-don\/#primaryimage\"},\"thumbnailUrl\":\"https:\/\/cmb-douala.org\/wp-content\/uploads\/2024\/01\/logodgs-Recupere1-1024x682.jpg\",\"datePublished\":\"2023-09-17T16:35:59+00:00\",\"dateModified\":\"2024-01-15T10:35:21+00:00\",\"inLanguage\":\"fr-FR\",\"potentialAction\":[{\"@type\":\"ReadAction\",\"target\":[\"https:\/\/cmb-douala.org\/faire-un-don\/\"]}]},{\"@type\":\"ImageObject\",\"inLanguage\":\"fr-FR\",\"@id\":\"https:\/\/cmb-douala.org\/faire-un-don\/#primaryimage\",\"url\":\"https:\/\/cmb-douala.org\/wp-content\/uploads\/2024\/01\/logodgs-Recupere1.jpg\",\"contentUrl\":\"https:\/\/cmb-douala.org\/wp-content\/uploads\/2024\/01\/logodgs-Recupere1.jpg\",\"width\":1600,\"height\":1066},{\"@type\":\"WebSite\",\"@id\":\"https:\/\/cmb-douala.org\/#website\",\"url\":\"https:\/\/cmb-douala.org\/\",\"name\":\"CENTRE MULTIFONCTIONNEL DE BEPANDA\",\"description\":\"POUR PERSONNES SOCIALEMENT VULNERABLES\",\"potentialAction\":[{\"@type\":\"SearchAction\",\"target\":{\"@type\":\"EntryPoint\",\"urlTemplate\":\"https:\/\/cmb-douala.org\/?s={search_term_string}\"},\"query-input\":{\"@type\":\"PropertyValueSpecification\",\"valueRequired\":true,\"valueName\":\"search_term_string\"}}],\"inLanguage\":\"fr-FR\"}]}<\/script>\n<!-- \/ Yoast SEO plugin. -->","yoast_head_json":{"title":"Faire un don - CENTRE MULTIFONCTIONNEL DE BEPANDA","robots":{"index":"index","follow":"follow","max-snippet":"max-snippet:-1","max-image-preview":"max-image-preview:large","max-video-preview":"max-video-preview:-1"},"canonical":"https:\/\/cmb-douala.org\/faire-un-don\/","og_locale":"fr_FR","og_type":"article","og_title":"Faire un don - CENTRE MULTIFONCTIONNEL DE BEPANDA","og_description":"Redonner le sourire \u00e0 une PSV, \u2026 un geste noble et humain Le Centre multifonctionnel de B\u00e9panda vous offre 01 formule pour devenir PARRAIN DU CMB. Votre g\u00e9n\u00e9rosit\u00e9 ind\u00e9fectible, en [&hellip;]","og_url":"https:\/\/cmb-douala.org\/faire-un-don\/","og_site_name":"CENTRE MULTIFONCTIONNEL DE BEPANDA","article_modified_time":"2024-01-15T10:35:21+00:00","og_image":[{"url":"https:\/\/cmb-douala.org\/wp-content\/uploads\/2024\/01\/logodgs-Recupere1-1024x682.jpg","type":"","width":"","height":""}],"twitter_card":"summary_large_image","twitter_misc":{"Dur\u00e9e de lecture estim\u00e9e":"1 minute"},"schema":{"@context":"https:\/\/schema.org","@graph":[{"@type":"WebPage","@id":"https:\/\/cmb-douala.org\/faire-un-don\/","url":"https:\/\/cmb-douala.org\/faire-un-don\/","name":"Faire un don - CENTRE MULTIFONCTIONNEL DE BEPANDA","isPartOf":{"@id":"https:\/\/cmb-douala.org\/#website"},"primaryImageOfPage":{"@id":"https:\/\/cmb-douala.org\/faire-un-don\/#primaryimage"},"image":{"@id":"https:\/\/cmb-douala.org\/faire-un-don\/#primaryimage"},"thumbnailUrl":"https:\/\/cmb-douala.org\/wp-content\/uploads\/2024\/01\/logodgs-Recupere1-1024x682.jpg","datePublished":"2023-09-17T16:35:59+00:00","dateModified":"2024-01-15T10:35:21+00:00","inLanguage":"fr-FR","potentialAction":[{"@type":"ReadAction","target":["https:\/\/cmb-douala.org\/faire-un-don\/"]}]},{"@type":"ImageObject","inLanguage":"fr-FR","@id":"https:\/\/cmb-douala.org\/faire-un-don\/#primaryimage","url":"https:\/\/cmb-douala.org\/wp-content\/uploads\/2024\/01\/logodgs-Recupere1.jpg","contentUrl":"https:\/\/cmb-douala.org\/wp-content\/uploads\/2024\/01\/logodgs-Recupere1.jpg","width":1600,"height":1066},{"@type":"WebSite","@id":"https:\/\/cmb-douala.org\/#website","url":"https:\/\/cmb-douala.org\/","name":"CENTRE MULTIFONCTIONNEL DE BEPANDA","description":"POUR PERSONNES SOCIALEMENT VULNERABLES","potentialAction":[{"@type":"SearchAction","target":{"@type":"EntryPoint","urlTemplate":"https:\/\/cmb-douala.org\/?s={search_term_string}"},"query-input":{"@type":"PropertyValueSpecification","valueRequired":true,"valueName":"search_term_string"}}],"inLanguage":"fr-FR"}]}},"campaignId":"","_links":{"self":[{"href":"https:\/\/cmb-douala.org\/index.php?rest_route=\/wp\/v2\/pages\/17394"}],"collection":[{"href":"https:\/\/cmb-douala.org\/index.php?rest_route=\/wp\/v2\/pages"}],"about":[{"href":"https:\/\/cmb-douala.org\/index.php?rest_route=\/wp\/v2\/types\/page"}],"author":[{"embeddable":true,"href":"https:\/\/cmb-douala.org\/index.php?rest_route=\/wp\/v2\/users\/1"}],"replies":[{"embeddable":true,"href":"https:\/\/cmb-douala.org\/index.php?rest_route=%2Fwp%2Fv2%2Fcomments&post=17394"}],"version-history":[{"count":0,"href":"https:\/\/cmb-douala.org\/index.php?rest_route=\/wp\/v2\/pages\/17394\/revisions"}],"wp:attachment":[{"href":"https:\/\/cmb-douala.org\/index.php?rest_route=%2Fwp%2Fv2%2Fmedia&parent=17394"}],"curies":[{"name":"wp","href":"https:\/\/api.w.org\/{rel}","templated":true}]}}